{"id":8,"date":"2023-08-14T22:10:58","date_gmt":"2023-08-14T22:10:58","guid":{"rendered":"http:\/\/maler-schoell.de\/?page_id=8"},"modified":"2023-08-14T22:16:01","modified_gmt":"2023-08-14T22:16:01","slug":"maler-schoell","status":"publish","type":"page","link":"https:\/\/maler-schoell.de\/","title":{"rendered":"Maler Sch\u00f6ll"},"content":{"rendered":"\n<figure class=\"wp-block-image alignwide size-full\"><img loading=\"lazy\" decoding=\"async\" width=\"875\" height=\"511\" src=\"http:\/\/maler-schoell.de\/wp-content\/uploads\/2023\/08\/f4f2028d-bb5a-4203-b642-414642652f78.png\" alt=\"\" class=\"wp-image-9\" srcset=\"https:\/\/maler-schoell.de\/wp-content\/uploads\/2023\/08\/f4f2028d-bb5a-4203-b642-414642652f78.png 875w, https:\/\/maler-schoell.de\/wp-content\/uploads\/2023\/08\/f4f2028d-bb5a-4203-b642-414642652f78-300x175.png 300w, https:\/\/maler-schoell.de\/wp-content\/uploads\/2023\/08\/f4f2028d-bb5a-4203-b642-414642652f78-768x449.png 768w\" sizes=\"(max-width: 875px) 100vw, 875px\" \/><\/figure>\n\n\n\n<div class=\"wp-block-columns alignwide is-layout-flex wp-container-core-columns-is-layout-1 wp-block-columns-is-layout-flex\">\n<div class=\"wp-block-column is-layout-flow wp-block-column-is-layout-flow\">\n<p>Herzlich willkommen.<br><\/p>\n\n\n\n<p>Wir freuen uns sehr \u00fcber Ihren Besuch und \u00fcber Ihr Interesse.<br><br>Unsere neue Webseite wird derzeit noch gestaltet. Hier werden wir Ihnen k\u00fcnftig unser Unternehmen sowie unser gesamtes Leistungsspektrum pr\u00e4sentieren. Bitte schauen Sie daher in K\u00fcrze wieder vorbei.<br><br>Wenn Sie in der Zwischenzeit Fragen haben, aktuelle Projekte planen oder mehr \u00fcber unser Unternehmen wissen wollen, freuen wir uns sehr, von Ihnen zu h\u00f6ren.<br><br>F\u00fcr eine ausf\u00fchrliche Beratung oder ein pers\u00f6nliches Gespr\u00e4ch stehen wir Ihnen jederzeit gerne zur Verf\u00fcgung.<br><br>Mit freundlichen Gr\u00fc\u00dfen<\/p>\n\n\n<div class=\"wp-block-image\">\n<figure class=\"alignleft\"><img loading=\"lazy\" decoding=\"async\" width=\"199\" height=\"50\" src=\"http:\/\/maler-schoell.de\/wp-content\/uploads\/2023\/08\/119475c3-971d-4c64-a363-6b54810a8350.gif\" alt=\"\" class=\"wp-image-10\"\/><\/figure><\/div>\n\n\n<p><\/p>\n\n\n\n<p><\/p>\n\n\n\n<p>Peter Sch\u00f6ll<\/p>\n<\/div>\n\n\n\n<div class=\"wp-block-column is-layout-flow wp-block-column-is-layout-flow\">\n<h5 class=\"wp-block-heading\">Unsere Leistungen &#8211; f\u00fcr Sie:<\/h5>\n\n\n\n<p>Wir sind Ihr kompetenter Partner f\u00fcr:<\/p>\n\n\n\n<p><ul><li>Wickel-, Lasurtechnik<\/li><li>Dekorative Mal-, Wisch- und Spachteltechniken<\/li><li>Tapezier- und Bodenbelagsarbeiten<\/li><li>Wandbeschichtungen<\/li><li>Liefern und Anbringen von Stuckleisten<\/li><li>Lackier- und Spritzarbeiten<\/li><li>Metall- und Holzschutzanstriche<\/li><li>Brandschutzbeschichtungen<\/li><li>Fassadenreinigung<\/li><li>Fassadenanstriche\/Schabloniertechniken<\/li><li>Fassaden-Vollw\u00e4rmeschutz<\/li><\/ul><\/p>\n\n\n\n<figure class=\"wp-block-table aligncenter\"><table><tbody><tr><td><strong>Maler Sch\u00f6ll<br>Malermeister<\/strong><br>77955 Ettenheim-Wallburg<br>Neue Waldstr. 11<\/td><td>Tel.:<br>Mobil:<br>Fax:<br>Mail:<\/td><td>07822 \/ 25 34<br>0176 \/ 23 40 24 04<br>07822 \/ 780 252<br><a href=\"https:\/\/web.archive.org\/web\/20230329125859\/mailto:info@maler-schoell.de\">info@maler-schoell.de<\/a><\/td><\/tr><\/tbody><\/table><\/figure>\n<\/div>\n<\/div>\n\n\n\n<p><\/p>\n","protected":false},"excerpt":{"rendered":"<p>Herzlich willkommen. Wir freuen uns sehr \u00fcber Ihren Besuch und \u00fcber Ihr Interesse. Unsere neue Webseite wird derzeit noch gestaltet. Hier werden wir Ihnen k\u00fcnftig unser Unternehmen sowie unser gesamtes Leistungsspektrum pr\u00e4sentieren. Bitte schauen Sie daher in K\u00fcrze wieder vorbei. Wenn Sie in der Zwischenzeit Fragen haben, aktuelle Projekte planen oder mehr \u00fcber unser Unternehmen&hellip; <a class=\"more-link\" href=\"https:\/\/maler-schoell.de\/\"><span class=\"screen-reader-text\">Maler Sch\u00f6ll<\/span> weiterlesen<\/a><\/p>\n","protected":false},"author":1,"featured_media":0,"parent":0,"menu_order":0,"comment_status":"closed","ping_status":"closed","template":"","meta":{"footnotes":""},"class_list":["post-8","page","type-page","status-publish","hentry","entry"],"_links":{"self":[{"href":"https:\/\/maler-schoell.de\/index.php\/wp-json\/wp\/v2\/pages\/8"}],"collection":[{"href":"https:\/\/maler-schoell.de\/index.php\/wp-json\/wp\/v2\/pages"}],"about":[{"href":"https:\/\/maler-schoell.de\/index.php\/wp-json\/wp\/v2\/types\/page"}],"author":[{"embeddable":true,"href":"https:\/\/maler-schoell.de\/index.php\/wp-json\/wp\/v2\/users\/1"}],"replies":[{"embeddable":true,"href":"https:\/\/maler-schoell.de\/index.php\/wp-json\/wp\/v2\/comments?post=8"}],"version-history":[{"count":2,"href":"https:\/\/maler-schoell.de\/index.php\/wp-json\/wp\/v2\/pages\/8\/revisions"}],"predecessor-version":[{"id":12,"href":"https:\/\/maler-schoell.de\/index.php\/wp-json\/wp\/v2\/pages\/8\/revisions\/12"}],"wp:attachment":[{"href":"https:\/\/maler-schoell.de\/index.php\/wp-json\/wp\/v2\/media?parent=8"}],"curies":[{"name":"wp","href":"https:\/\/api.w.org\/{rel}","templated":true}]}}